{"id":79,"date":"2022-09-23T07:11:19","date_gmt":"2022-09-23T07:11:19","guid":{"rendered":"https:\/\/www.trippelstoel.nl\/over-ons\/"},"modified":"2023-01-05T12:33:23","modified_gmt":"2023-01-05T12:33:23","slug":"ueber-uns","status":"publish","type":"page","link":"https:\/\/www.trippelstoel.nl\/de\/ueber-uns\/","title":{"rendered":"\u00dcber uns"},"content":{"rendered":"<p>Der Mondo ist in zwei Versionen erh\u00e4ltlich, Gasfeder manuell oder elektrisch bedienbar. Beide sind mit einem einfach zu bedienendem Kippmechanismus des Sitzes ausgestattet. Dies verbessert den Komfort und bietet Unterst\u00fctzung und Sicherheit beim Aufstehen. Das Kippen des Sitzes, ist kinderleicht.<\/p>\n<p>(Alle Preise auf der Website sind\u00a0<strong>ohne MwSt.<\/strong>\u00a0Preise und Spezifikationen k\u00f6nnen ohne vorherige Ank\u00fcndigung ge\u00e4ndert werden.)<\/p>\n","protected":false},"excerpt":{"rendered":"<p>Der Mondo ist in zwei Versionen erh\u00e4ltlich, Gasfeder manuell oder elektrisch bedienbar. Beide sind mit einem einfach zu bedienendem Kippmechanismus des Sitzes ausgestattet. Dies verbessert den Komfort und bietet Unterst\u00fctzung und Sicherheit beim Aufstehen. Das Kippen des Sitzes, ist kinderleicht. (Alle Preise auf der Website sind\u00a0ohne MwSt.\u00a0Preise und Spezifikationen k\u00f6nnen ohne vorherige Ank\u00fcndigung ge\u00e4ndert werden.)<\/p>\n","protected":false},"author":2,"featured_media":0,"parent":0,"menu_order":0,"comment_status":"closed","ping_status":"closed","template":"page_aboutus.php","meta":{"_acf_changed":false,"inline_featured_image":false,"footnotes":""},"class_list":["post-79","page","type-page","status-publish","hentry"],"acf":[],"yoast_head":"<!-- This site is optimized with the Yoast SEO plugin v27.0 - https:\/\/yoast.com\/product\/yoast-seo-wordpress\/ -->\n<title>\u00dcber uns - Medross - Trippelstoel<\/title>\n<meta name=\"robots\" content=\"index, follow, max-snippet:-1, max-image-preview:large, max-video-preview:-1\" \/>\n<link rel=\"canonical\" href=\"https:\/\/www.trippelstoel.nl\/de\/ueber-uns\/\" \/>\n<meta property=\"og:locale\" content=\"de_DE\" \/>\n<meta property=\"og:type\" content=\"article\" \/>\n<meta property=\"og:title\" content=\"\u00dcber uns - Medross - Trippelstoel\" \/>\n<meta property=\"og:description\" content=\"Der Mondo ist in zwei Versionen erh\u00e4ltlich, Gasfeder manuell oder elektrisch bedienbar. Beide sind mit einem einfach zu bedienendem Kippmechanismus des Sitzes ausgestattet. Dies verbessert den Komfort und bietet Unterst\u00fctzung und Sicherheit beim Aufstehen. Das Kippen des Sitzes, ist kinderleicht. (Alle Preise auf der Website sind\u00a0ohne MwSt.\u00a0Preise und Spezifikationen k\u00f6nnen ohne vorherige Ank\u00fcndigung ge\u00e4ndert werden.)\" \/>\n<meta property=\"og:url\" content=\"https:\/\/www.trippelstoel.nl\/de\/ueber-uns\/\" \/>\n<meta property=\"og:site_name\" content=\"Medross - Trippelstoel\" \/>\n<meta property=\"article:modified_time\" content=\"2023-01-05T12:33:23+00:00\" \/>\n<meta name=\"twitter:card\" content=\"summary_large_image\" \/>\n<meta name=\"twitter:label1\" content=\"Est. reading time\" \/>\n\t<meta name=\"twitter:data1\" content=\"2 minutes\" \/>\n<!-- \/ Yoast SEO plugin. -->","yoast_head_json":{"title":"\u00dcber uns - Medross - Trippelstoel","robots":{"index":"index","follow":"follow","max-snippet":"max-snippet:-1","max-image-preview":"max-image-preview:large","max-video-preview":"max-video-preview:-1"},"canonical":"https:\/\/www.trippelstoel.nl\/de\/ueber-uns\/","og_locale":"de_DE","og_type":"article","og_title":"\u00dcber uns - Medross - Trippelstoel","og_description":"Der Mondo ist in zwei Versionen erh\u00e4ltlich, Gasfeder manuell oder elektrisch bedienbar. Beide sind mit einem einfach zu bedienendem Kippmechanismus des Sitzes ausgestattet. Dies verbessert den Komfort und bietet Unterst\u00fctzung und Sicherheit beim Aufstehen. Das Kippen des Sitzes, ist kinderleicht. (Alle Preise auf der Website sind\u00a0ohne MwSt.\u00a0Preise und Spezifikationen k\u00f6nnen ohne vorherige Ank\u00fcndigung ge\u00e4ndert werden.)","og_url":"https:\/\/www.trippelstoel.nl\/de\/ueber-uns\/","og_site_name":"Medross - Trippelstoel","article_modified_time":"2023-01-05T12:33:23+00:00","twitter_card":"summary_large_image","twitter_misc":{"Est. reading time":"2 minutes"},"schema":{"@context":"https:\/\/schema.org","@graph":[{"@type":"WebPage","@id":"https:\/\/www.trippelstoel.nl\/de\/ueber-uns\/","url":"https:\/\/www.trippelstoel.nl\/de\/ueber-uns\/","name":"\u00dcber uns - Medross - Trippelstoel","isPartOf":{"@id":"https:\/\/www.trippelstoel.nl\/de\/#website"},"datePublished":"2022-09-23T07:11:19+00:00","dateModified":"2023-01-05T12:33:23+00:00","breadcrumb":{"@id":"https:\/\/www.trippelstoel.nl\/de\/ueber-uns\/#breadcrumb"},"inLanguage":"de-DE","potentialAction":[{"@type":"ReadAction","target":["https:\/\/www.trippelstoel.nl\/de\/ueber-uns\/"]}]},{"@type":"BreadcrumbList","@id":"https:\/\/www.trippelstoel.nl\/de\/ueber-uns\/#breadcrumb","itemListElement":[{"@type":"ListItem","position":1,"name":"Home","item":"https:\/\/www.trippelstoel.nl\/de\/"},{"@type":"ListItem","position":2,"name":"\u00dcber uns"}]},{"@type":"WebSite","@id":"https:\/\/www.trippelstoel.nl\/de\/#website","url":"https:\/\/www.trippelstoel.nl\/de\/","name":"Medross - Trippelstoel","description":"Medross - Trippelstoel","potentialAction":[{"@type":"SearchAction","target":{"@type":"EntryPoint","urlTemplate":"https:\/\/www.trippelstoel.nl\/de\/?s={search_term_string}"},"query-input":{"@type":"PropertyValueSpecification","valueRequired":true,"valueName":"search_term_string"}}],"inLanguage":"de-DE"}]}},"_links":{"self":[{"href":"https:\/\/www.trippelstoel.nl\/de\/wp-json\/wp\/v2\/pages\/79","targetHints":{"allow":["GET"]}}],"collection":[{"href":"https:\/\/www.trippelstoel.nl\/de\/wp-json\/wp\/v2\/pages"}],"about":[{"href":"https:\/\/www.trippelstoel.nl\/de\/wp-json\/wp\/v2\/types\/page"}],"author":[{"embeddable":true,"href":"https:\/\/www.trippelstoel.nl\/de\/wp-json\/wp\/v2\/users\/2"}],"replies":[{"embeddable":true,"href":"https:\/\/www.trippelstoel.nl\/de\/wp-json\/wp\/v2\/comments?post=79"}],"version-history":[{"count":4,"href":"https:\/\/www.trippelstoel.nl\/de\/wp-json\/wp\/v2\/pages\/79\/revisions"}],"predecessor-version":[{"id":8980,"href":"https:\/\/www.trippelstoel.nl\/de\/wp-json\/wp\/v2\/pages\/79\/revisions\/8980"}],"wp:attachment":[{"href":"https:\/\/www.trippelstoel.nl\/de\/wp-json\/wp\/v2\/media?parent=79"}],"curies":[{"name":"wp","href":"https:\/\/api.w.org\/{rel}","templated":true}]}}